{"id":277,"date":"2022-11-18T11:10:16","date_gmt":"2022-11-18T10:10:16","guid":{"rendered":"https:\/\/bfervel.eleves.mediamatique.ch\/CardCreator\/wordpress\/?post_type=product&#038;p=277"},"modified":"2023-05-26T14:21:44","modified_gmt":"2023-05-26T12:21:44","slug":"pack-boosters-plateau-de-jeu","status":"publish","type":"product","link":"https:\/\/bfervel.eleves.mediamatique.ch\/CardCreator\/wordpress\/?product=pack-boosters-plateau-de-jeu","title":{"rendered":"Pack-Boosters-Plateau-de-jeu"},"content":{"rendered":"<p>Deux boosters contenant 4 cartes de raret\u00e9, commune, rare, \u00e9pique et l\u00e9gendaire chacun.<\/p>\n<p>Les 16 cartes possible \u00e0 obtenir sont visible directement dans la galerie qui se situe juste en dessous de nos diff\u00e9rents produits.<\/p>\n<p>Accompagn\u00e9 d&rsquo;un plateau de jeu et de jetons pour jouer des partie de 1 contre 1.<\/p>\n","protected":false},"excerpt":{"rendered":"<p>Deux boosters contenant 4 cartes de raret\u00e9, commune, rare, \u00e9pique et l\u00e9gendaire chacun. Les 16 cartes possible \u00e0 obtenir sont visible directement dans la galerie qui se situe juste en dessous de nos diff\u00e9rents produits. Accompagn\u00e9 d&rsquo;un plateau de jeu et de jetons pour jouer des partie de 1 contre 1.<\/p>\n","protected":false},"featured_media":644,"comment_status":"closed","ping_status":"closed","template":"","meta":[],"product_cat":[20],"product_tag":[],"class_list":{"0":"post-277","1":"product","2":"type-product","3":"status-publish","4":"has-post-thumbnail","6":"product_cat-non-classe","8":"first","9":"instock","10":"featured","11":"shipping-taxable","12":"purchasable","13":"product-type-simple"},"_links":{"self":[{"href":"https:\/\/bfervel.eleves.mediamatique.ch\/CardCreator\/wordpress\/index.php?rest_route=\/wp\/v2\/product\/277","targetHints":{"allow":["GET"]}}],"collection":[{"href":"https:\/\/bfervel.eleves.mediamatique.ch\/CardCreator\/wordpress\/index.php?rest_route=\/wp\/v2\/product"}],"about":[{"href":"https:\/\/bfervel.eleves.mediamatique.ch\/CardCreator\/wordpress\/index.php?rest_route=\/wp\/v2\/types\/product"}],"replies":[{"embeddable":true,"href":"https:\/\/bfervel.eleves.mediamatique.ch\/CardCreator\/wordpress\/index.php?rest_route=%2Fwp%2Fv2%2Fcomments&post=277"}],"wp:featuredmedia":[{"embeddable":true,"href":"https:\/\/bfervel.eleves.mediamatique.ch\/CardCreator\/wordpress\/index.php?rest_route=\/wp\/v2\/media\/644"}],"wp:attachment":[{"href":"https:\/\/bfervel.eleves.mediamatique.ch\/CardCreator\/wordpress\/index.php?rest_route=%2Fwp%2Fv2%2Fmedia&parent=277"}],"wp:term":[{"taxonomy":"product_cat","embeddable":true,"href":"https:\/\/bfervel.eleves.mediamatique.ch\/CardCreator\/wordpress\/index.php?rest_route=%2Fwp%2Fv2%2Fproduct_cat&post=277"},{"taxonomy":"product_tag","embeddable":true,"href":"https:\/\/bfervel.eleves.mediamatique.ch\/CardCreator\/wordpress\/index.php?rest_route=%2Fwp%2Fv2%2Fproduct_tag&post=277"}],"curies":[{"name":"wp","href":"https:\/\/api.w.org\/{rel}","templated":true}]}}