{"id":279,"date":"2022-11-18T11:10:41","date_gmt":"2022-11-18T10:10:41","guid":{"rendered":"https:\/\/bfervel.eleves.mediamatique.ch\/CardCreator\/wordpress\/?post_type=product&#038;p=279"},"modified":"2023-05-26T14:21:26","modified_gmt":"2023-05-26T12:21:26","slug":"booster-4-cartes-aleatoires","status":"publish","type":"product","link":"https:\/\/bfervel.eleves.mediamatique.ch\/CardCreator\/wordpress\/?product=booster-4-cartes-aleatoires","title":{"rendered":"Booster (4 cartes al\u00e9atoires)"},"content":{"rendered":"<p>Le booster contient 4 cartes de raret\u00e9, commune, rare, \u00e9pique et l\u00e9gendaire<\/p>\n<p>Les 16 cartes possible \u00e0 obtenir sont visible directement dans la galerie qui se situe juste en dessous de nos diff\u00e9rents produits.<\/p>\n","protected":false},"excerpt":{"rendered":"<p>Le booster contient 4 cartes de raret\u00e9, commune, rare, \u00e9pique et l\u00e9gendaire Les 16 cartes possible \u00e0 obtenir sont visible directement dans la galerie qui se situe juste en dessous de nos diff\u00e9rents produits.<\/p>\n","protected":false},"featured_media":637,"comment_status":"closed","ping_status":"closed","template":"","meta":[],"product_cat":[20],"product_tag":[],"class_list":{"0":"post-279","1":"product","2":"type-product","3":"status-publish","4":"has-post-thumbnail","6":"product_cat-non-classe","8":"first","9":"instock","10":"featured","11":"shipping-taxable","12":"purchasable","13":"product-type-simple"},"_links":{"self":[{"href":"https:\/\/bfervel.eleves.mediamatique.ch\/CardCreator\/wordpress\/index.php?rest_route=\/wp\/v2\/product\/279","targetHints":{"allow":["GET"]}}],"collection":[{"href":"https:\/\/bfervel.eleves.mediamatique.ch\/CardCreator\/wordpress\/index.php?rest_route=\/wp\/v2\/product"}],"about":[{"href":"https:\/\/bfervel.eleves.mediamatique.ch\/CardCreator\/wordpress\/index.php?rest_route=\/wp\/v2\/types\/product"}],"replies":[{"embeddable":true,"href":"https:\/\/bfervel.eleves.mediamatique.ch\/CardCreator\/wordpress\/index.php?rest_route=%2Fwp%2Fv2%2Fcomments&post=279"}],"wp:featuredmedia":[{"embeddable":true,"href":"https:\/\/bfervel.eleves.mediamatique.ch\/CardCreator\/wordpress\/index.php?rest_route=\/wp\/v2\/media\/637"}],"wp:attachment":[{"href":"https:\/\/bfervel.eleves.mediamatique.ch\/CardCreator\/wordpress\/index.php?rest_route=%2Fwp%2Fv2%2Fmedia&parent=279"}],"wp:term":[{"taxonomy":"product_cat","embeddable":true,"href":"https:\/\/bfervel.eleves.mediamatique.ch\/CardCreator\/wordpress\/index.php?rest_route=%2Fwp%2Fv2%2Fproduct_cat&post=279"},{"taxonomy":"product_tag","embeddable":true,"href":"https:\/\/bfervel.eleves.mediamatique.ch\/CardCreator\/wordpress\/index.php?rest_route=%2Fwp%2Fv2%2Fproduct_tag&post=279"}],"curies":[{"name":"wp","href":"https:\/\/api.w.org\/{rel}","templated":true}]}}