{"id":10,"date":"2023-05-03T15:05:29","date_gmt":"2023-05-03T13:05:29","guid":{"rendered":"https:\/\/bfervel.eleves.mediamatique.ch\/wordpress\/?page_id=10"},"modified":"2023-05-12T11:36:31","modified_gmt":"2023-05-12T09:36:31","slug":"mediamaticien","status":"publish","type":"page","link":"https:\/\/bfervel.eleves.mediamatique.ch\/wordpress\/mediamaticien\/","title":{"rendered":"Accueil"},"content":{"rendered":"\t\t<div data-elementor-type=\"wp-page\" data-elementor-id=\"10\" class=\"elementor elementor-10\">\n\t\t\t\t\t\t\t\t\t<section class=\"elementor-section elementor-top-section elementor-element elementor-element-80c31ac elementor-section-boxed elementor-section-height-default elementor-section-height-default\" data-id=\"80c31ac\" data-element_type=\"section\">\n\t\t\t\t\t\t<div class=\"elementor-container elementor-column-gap-default\">\n\t\t\t\t\t<div class=\"elementor-column elementor-col-100 elementor-top-column elementor-element elementor-element-e253b46\" data-id=\"e253b46\" data-element_type=\"column\">\n\t\t\t<div class=\"elementor-widget-wrap elementor-element-populated\">\n\t\t\t\t\t\t\t\t<div class=\"elementor-element elementor-element-fc32532 elementor-widget elementor-widget-spacer\" data-id=\"fc32532\" data-element_type=\"widget\" data-widget_type=\"spacer.default\">\n\t\t\t\t<div class=\"elementor-widget-container\">\n\t\t\t<style>\/*! elementor - v3.13.2 - 11-05-2023 *\/\n.elementor-column .elementor-spacer-inner{height:var(--spacer-size)}.e-con{--container-widget-width:100%}.e-con-inner>.elementor-widget-spacer,.e-con>.elementor-widget-spacer{width:var(--container-widget-width,var(--spacer-size));--align-self:var(--container-widget-align-self,initial);--flex-shrink:0}.e-con-inner>.elementor-widget-spacer>.elementor-widget-container,.e-con-inner>.elementor-widget-spacer>.elementor-widget-container>.elementor-spacer,.e-con>.elementor-widget-spacer>.elementor-widget-container,.e-con>.elementor-widget-spacer>.elementor-widget-container>.elementor-spacer{height:100%}.e-con-inner>.elementor-widget-spacer>.elementor-widget-container>.elementor-spacer>.elementor-spacer-inner,.e-con>.elementor-widget-spacer>.elementor-widget-container>.elementor-spacer>.elementor-spacer-inner{height:var(--container-widget-height,var(--spacer-size))}<\/style>\t\t<div class=\"elementor-spacer\">\n\t\t\t<div class=\"elementor-spacer-inner\"><\/div>\n\t\t<\/div>\n\t\t\t\t<\/div>\n\t\t\t\t<\/div>\n\t\t\t\t\t<\/div>\n\t\t<\/div>\n\t\t\t\t\t\t\t<\/div>\n\t\t<\/section>\n\t\t\t\t<section class=\"elementor-section elementor-top-section elementor-element elementor-element-2f5ee10 elementor-section-boxed elementor-section-height-default elementor-section-height-default\" data-id=\"2f5ee10\" data-element_type=\"section\">\n\t\t\t\t\t\t<div class=\"elementor-container elementor-column-gap-default\">\n\t\t\t\t\t<div class=\"elementor-column elementor-col-50 elementor-top-column elementor-element elementor-element-b8c19be\" data-id=\"b8c19be\" data-element_type=\"column\">\n\t\t\t<div class=\"elementor-widget-wrap elementor-element-populated\">\n\t\t\t\t\t\t\t\t<div class=\"elementor-element elementor-element-e3950d3 elementor-widget elementor-widget-heading\" data-id=\"e3950d3\" data-element_type=\"widget\" data-widget_type=\"heading.default\">\n\t\t\t\t<div class=\"elementor-widget-container\">\n\t\t\t<style>\/*! elementor - v3.13.2 - 11-05-2023 *\/\n.elementor-heading-title{padding:0;margin:0;line-height:1}.elementor-widget-heading .elementor-heading-title[class*=elementor-size-]>a{color:inherit;font-size:inherit;line-height:inherit}.elementor-widget-heading .elementor-heading-title.elementor-size-small{font-size:15px}.elementor-widget-heading .elementor-heading-title.elementor-size-medium{font-size:19px}.elementor-widget-heading .elementor-heading-title.elementor-size-large{font-size:29px}.elementor-widget-heading .elementor-heading-title.elementor-size-xl{font-size:39px}.elementor-widget-heading .elementor-heading-title.elementor-size-xxl{font-size:59px}<\/style><h2 class=\"elementor-heading-title elementor-size-default\">Bastien Fervel<\/h2>\t\t<\/div>\n\t\t\t\t<\/div>\n\t\t\t\t<div class=\"elementor-element elementor-element-ac78166 elementor-widget elementor-widget-heading\" data-id=\"ac78166\" data-element_type=\"widget\" data-widget_type=\"heading.default\">\n\t\t\t\t<div class=\"elementor-widget-container\">\n\t\t\t<h3 class=\"elementor-heading-title elementor-size-default\">M\u00e9diamaticien<\/h3>\t\t<\/div>\n\t\t\t\t<\/div>\n\t\t\t\t<div class=\"elementor-element elementor-element-5f6a079 elementor-widget elementor-widget-text-editor\" data-id=\"5f6a079\" data-element_type=\"widget\" data-widget_type=\"text-editor.default\">\n\t\t\t\t<div class=\"elementor-widget-container\">\n\t\t\t<style>\/*! elementor - v3.13.2 - 11-05-2023 *\/\n.elementor-widget-text-editor.elementor-drop-cap-view-stacked .elementor-drop-cap{background-color:#69727d;color:#fff}.elementor-widget-text-editor.elementor-drop-cap-view-framed .elementor-drop-cap{color:#69727d;border:3px solid;background-color:transparent}.elementor-widget-text-editor:not(.elementor-drop-cap-view-default) .elementor-drop-cap{margin-top:8px}.elementor-widget-text-editor:not(.elementor-drop-cap-view-default) .elementor-drop-cap-letter{width:1em;height:1em}.elementor-widget-text-editor .elementor-drop-cap{float:left;text-align:center;line-height:1;font-size:50px}.elementor-widget-text-editor .elementor-drop-cap-letter{display:inline-block}<\/style>\t\t\t\t<p>Je m\u2019appelle <strong>Bastien Fervel<\/strong>, je suis un \u00e9l\u00e8ve de 3\u00e8me ann\u00e9e en m\u00e9diatique au CPNV de Ste-Croix . Mes domaines de comp\u00e9tences principaux sont la vid\u00e9o, le marketing ainsi que le design. Ce portfolio pr\u00e9sente certains de mes meilleurs projets r\u00e9alis\u00e9s au cours de mes ann\u00e9es de formation.<\/p>\t\t\t\t\t\t<\/div>\n\t\t\t\t<\/div>\n\t\t\t\t\t<\/div>\n\t\t<\/div>\n\t\t\t\t<div class=\"elementor-column elementor-col-50 elementor-top-column elementor-element elementor-element-8e95fd9\" data-id=\"8e95fd9\" data-element_type=\"column\">\n\t\t\t<div class=\"elementor-widget-wrap elementor-element-populated\">\n\t\t\t\t\t\t\t\t<div class=\"elementor-element elementor-element-0279050 elementor-widget elementor-widget-image\" data-id=\"0279050\" data-element_type=\"widget\" data-widget_type=\"image.default\">\n\t\t\t\t<div class=\"elementor-widget-container\">\n\t\t\t<style>\/*! elementor - v3.13.2 - 11-05-2023 *\/\n.elementor-widget-image{text-align:center}.elementor-widget-image a{display:inline-block}.elementor-widget-image a img[src$=\".svg\"]{width:48px}.elementor-widget-image img{vertical-align:middle;display:inline-block}<\/style>\t\t\t\t\t\t\t\t\t\t\t\t<img loading=\"lazy\" decoding=\"async\" width=\"768\" height=\"1024\" src=\"https:\/\/bfervel.eleves.mediamatique.ch\/wordpress\/wp-content\/uploads\/2023\/05\/IMG_8574-768x1024.png\" class=\"elementor-animation-grow attachment-medium_large size-medium_large wp-image-98\" alt=\"\" srcset=\"https:\/\/bfervel.eleves.mediamatique.ch\/wordpress\/wp-content\/uploads\/2023\/05\/IMG_8574-768x1024.png 768w, https:\/\/bfervel.eleves.mediamatique.ch\/wordpress\/wp-content\/uploads\/2023\/05\/IMG_8574-225x300.png 225w, https:\/\/bfervel.eleves.mediamatique.ch\/wordpress\/wp-content\/uploads\/2023\/05\/IMG_8574-1152x1536.png 1152w, https:\/\/bfervel.eleves.mediamatique.ch\/wordpress\/wp-content\/uploads\/2023\/05\/IMG_8574-1536x2048.png 1536w\" sizes=\"auto, (max-width: 768px) 100vw, 768px\" \/>\t\t\t\t\t\t\t\t\t\t\t\t\t\t\t<\/div>\n\t\t\t\t<\/div>\n\t\t\t\t\t<\/div>\n\t\t<\/div>\n\t\t\t\t\t\t\t<\/div>\n\t\t<\/section>\n\t\t\t\t<section class=\"elementor-section elementor-top-section elementor-element elementor-element-5218b78 elementor-section-full_width elementor-section-height-default elementor-section-height-default\" data-id=\"5218b78\" data-element_type=\"section\">\n\t\t\t\t\t\t<div class=\"elementor-container elementor-column-gap-default\">\n\t\t\t\t\t<div class=\"elementor-column elementor-col-100 elementor-top-column elementor-element elementor-element-051e462\" data-id=\"051e462\" data-element_type=\"column\">\n\t\t\t<div class=\"elementor-widget-wrap elementor-element-populated\">\n\t\t\t\t\t\t\t\t<div class=\"elementor-element elementor-element-f497488 elementor-widget elementor-widget-spacer\" data-id=\"f497488\" data-element_type=\"widget\" data-widget_type=\"spacer.default\">\n\t\t\t\t<div class=\"elementor-widget-container\">\n\t\t\t\t\t<div class=\"elementor-spacer\">\n\t\t\t<div class=\"elementor-spacer-inner\"><\/div>\n\t\t<\/div>\n\t\t\t\t<\/div>\n\t\t\t\t<\/div>\n\t\t\t\t\t<\/div>\n\t\t<\/div>\n\t\t\t\t\t\t\t<\/div>\n\t\t<\/section>\n\t\t\t\t<section class=\"elementor-section elementor-top-section elementor-element elementor-element-193169f elementor-section-boxed elementor-section-height-default elementor-section-height-default\" data-id=\"193169f\" data-element_type=\"section\" data-settings=\"{&quot;background_background&quot;:&quot;classic&quot;,&quot;shape_divider_top&quot;:&quot;mountains&quot;}\">\n\t\t\t\t\t<div class=\"elementor-shape elementor-shape-top\" data-negative=\"false\">\n\t\t\t<svg xmlns=\"http:\/\/www.w3.org\/2000\/svg\" viewBox=\"0 0 1000 100\" preserveAspectRatio=\"none\">\n\t<path class=\"elementor-shape-fill\" opacity=\"0.33\" d=\"M473,67.3c-203.9,88.3-263.1-34-320.3,0C66,119.1,0,59.7,0,59.7V0h1000v59.7 c0,0-62.1,26.1-94.9,29.3c-32.8,3.3-62.8-12.3-75.8-22.1C806,49.6,745.3,8.7,694.9,4.7S492.4,59,473,67.3z\"\/>\n\t<path class=\"elementor-shape-fill\" opacity=\"0.66\" d=\"M734,67.3c-45.5,0-77.2-23.2-129.1-39.1c-28.6-8.7-150.3-10.1-254,39.1 s-91.7-34.4-149.2,0C115.7,118.3,0,39.8,0,39.8V0h1000v36.5c0,0-28.2-18.5-92.1-18.5C810.2,18.1,775.7,67.3,734,67.3z\"\/>\n\t<path class=\"elementor-shape-fill\" d=\"M766.1,28.9c-200-57.5-266,65.5-395.1,19.5C242,1.8,242,5.4,184.8,20.6C128,35.8,132.3,44.9,89.9,52.5C28.6,63.7,0,0,0,0 h1000c0,0-9.9,40.9-83.6,48.1S829.6,47,766.1,28.9z\"\/>\n<\/svg>\t\t<\/div>\n\t\t\t\t\t<div class=\"elementor-container elementor-column-gap-default\">\n\t\t\t\t\t<div class=\"elementor-column elementor-col-100 elementor-top-column elementor-element elementor-element-f8fff62\" data-id=\"f8fff62\" data-element_type=\"column\">\n\t\t\t<div class=\"elementor-widget-wrap elementor-element-populated\">\n\t\t\t\t\t\t\t\t<div class=\"elementor-element elementor-element-272bf14 elementor-widget elementor-widget-spacer\" data-id=\"272bf14\" data-element_type=\"widget\" data-widget_type=\"spacer.default\">\n\t\t\t\t<div class=\"elementor-widget-container\">\n\t\t\t\t\t<div class=\"elementor-spacer\">\n\t\t\t<div class=\"elementor-spacer-inner\"><\/div>\n\t\t<\/div>\n\t\t\t\t<\/div>\n\t\t\t\t<\/div>\n\t\t\t\t<div class=\"elementor-element elementor-element-a029689 elementor-widget elementor-widget-heading\" data-id=\"a029689\" data-element_type=\"widget\" data-widget_type=\"heading.default\">\n\t\t\t\t<div class=\"elementor-widget-container\">\n\t\t\t<h2 class=\"elementor-heading-title elementor-size-default\">D\u00e9couvrez mes projets<\/h2>\t\t<\/div>\n\t\t\t\t<\/div>\n\t\t\t\t<div class=\"elementor-element elementor-element-1b0d212 elementor-widget elementor-widget-spacer\" data-id=\"1b0d212\" data-element_type=\"widget\" data-widget_type=\"spacer.default\">\n\t\t\t\t<div class=\"elementor-widget-container\">\n\t\t\t\t\t<div class=\"elementor-spacer\">\n\t\t\t<div class=\"elementor-spacer-inner\"><\/div>\n\t\t<\/div>\n\t\t\t\t<\/div>\n\t\t\t\t<\/div>\n\t\t\t\t<div class=\"elementor-element elementor-element-eb3044f elementor-grid-5 elementor-grid-tablet-2 elementor-grid-mobile-1 elementor-widget elementor-widget-portfolio\" data-id=\"eb3044f\" data-element_type=\"widget\" data-settings=\"{&quot;columns&quot;:&quot;5&quot;,&quot;row_gap&quot;:{&quot;unit&quot;:&quot;px&quot;,&quot;size&quot;:0,&quot;sizes&quot;:[]},&quot;columns_tablet&quot;:&quot;2&quot;,&quot;columns_mobile&quot;:&quot;1&quot;,&quot;item_ratio&quot;:{&quot;unit&quot;:&quot;px&quot;,&quot;size&quot;:0.66,&quot;sizes&quot;:[]},&quot;item_gap&quot;:{&quot;unit&quot;:&quot;px&quot;,&quot;size&quot;:&quot;&quot;,&quot;sizes&quot;:[]}}\" data-widget_type=\"portfolio.default\">\n\t\t\t\t<div class=\"elementor-widget-container\">\n\t\t\t<link rel=\"stylesheet\" href=\"https:\/\/bfervel.eleves.mediamatique.ch\/wordpress\/wp-content\/plugins\/elementor-pro\/assets\/css\/widget-posts.min.css\">\t\t<div class=\"elementor-portfolio elementor-grid elementor-posts-container\">\n\t\t\t\t<article class=\"elementor-portfolio-item elementor-post  post-92 post type-post status-publish format-standard has-post-thumbnail hentry category-non-classe\">\n\t\t\t<a class=\"elementor-post__thumbnail__link\" href=\"https:\/\/bfervel.eleves.mediamatique.ch\/wordpress\/2023\/05\/06\/news-letter\/\">\n\t\t\t\t<div class=\"elementor-portfolio-item__img elementor-post__thumbnail\">\n\t\t\t<img loading=\"lazy\" decoding=\"async\" width=\"250\" height=\"300\" src=\"https:\/\/bfervel.eleves.mediamatique.ch\/wordpress\/wp-content\/uploads\/2023\/05\/11-250x300.jpg\" class=\"attachment-medium size-medium wp-image-194\" alt=\"\" srcset=\"https:\/\/bfervel.eleves.mediamatique.ch\/wordpress\/wp-content\/uploads\/2023\/05\/11-250x300.jpg 250w, https:\/\/bfervel.eleves.mediamatique.ch\/wordpress\/wp-content\/uploads\/2023\/05\/11.jpg 414w\" sizes=\"auto, (max-width: 250px) 100vw, 250px\" \/>\t\t<\/div>\n\t\t\t\t<div class=\"elementor-portfolio-item__overlay\">\n\t\t\t\t<h2 class=\"elementor-portfolio-item__title\">\n\t\tNews letter\t\t<\/h2>\n\t\t\t\t<\/div>\n\t\t\t\t<\/a>\n\t\t<\/article>\n\t\t\t\t<article class=\"elementor-portfolio-item elementor-post  post-83 post type-post status-publish format-standard has-post-thumbnail hentry category-non-classe\">\n\t\t\t<a class=\"elementor-post__thumbnail__link\" href=\"https:\/\/bfervel.eleves.mediamatique.ch\/wordpress\/2023\/05\/06\/alien-hunter\/\">\n\t\t\t\t<div class=\"elementor-portfolio-item__img elementor-post__thumbnail\">\n\t\t\t<img loading=\"lazy\" decoding=\"async\" width=\"300\" height=\"167\" src=\"https:\/\/bfervel.eleves.mediamatique.ch\/wordpress\/wp-content\/uploads\/2023\/05\/22-300x167.jpg\" class=\"attachment-medium size-medium wp-image-214\" alt=\"\" srcset=\"https:\/\/bfervel.eleves.mediamatique.ch\/wordpress\/wp-content\/uploads\/2023\/05\/22-300x167.jpg 300w, https:\/\/bfervel.eleves.mediamatique.ch\/wordpress\/wp-content\/uploads\/2023\/05\/22.jpg 692w\" sizes=\"auto, (max-width: 300px) 100vw, 300px\" \/>\t\t<\/div>\n\t\t\t\t<div class=\"elementor-portfolio-item__overlay\">\n\t\t\t\t<h2 class=\"elementor-portfolio-item__title\">\n\t\tAlien Hunter\t\t<\/h2>\n\t\t\t\t<\/div>\n\t\t\t\t<\/a>\n\t\t<\/article>\n\t\t\t\t<article class=\"elementor-portfolio-item elementor-post  post-68 post type-post status-publish format-standard has-post-thumbnail hentry category-non-classe\">\n\t\t\t<a class=\"elementor-post__thumbnail__link\" href=\"https:\/\/bfervel.eleves.mediamatique.ch\/wordpress\/2023\/05\/06\/card-creator\/\">\n\t\t\t\t<div class=\"elementor-portfolio-item__img elementor-post__thumbnail\">\n\t\t\t<img loading=\"lazy\" decoding=\"async\" width=\"300\" height=\"260\" src=\"https:\/\/bfervel.eleves.mediamatique.ch\/wordpress\/wp-content\/uploads\/2023\/05\/LOgo-1-300x260.png\" class=\"attachment-medium size-medium wp-image-162\" alt=\"\" srcset=\"https:\/\/bfervel.eleves.mediamatique.ch\/wordpress\/wp-content\/uploads\/2023\/05\/LOgo-1-300x260.png 300w, https:\/\/bfervel.eleves.mediamatique.ch\/wordpress\/wp-content\/uploads\/2023\/05\/LOgo-1-768x666.png 768w, https:\/\/bfervel.eleves.mediamatique.ch\/wordpress\/wp-content\/uploads\/2023\/05\/LOgo-1.png 858w\" sizes=\"auto, (max-width: 300px) 100vw, 300px\" \/>\t\t<\/div>\n\t\t\t\t<div class=\"elementor-portfolio-item__overlay\">\n\t\t\t\t<h2 class=\"elementor-portfolio-item__title\">\n\t\tCard Creator\t\t<\/h2>\n\t\t\t\t<\/div>\n\t\t\t\t<\/a>\n\t\t<\/article>\n\t\t\t\t<article class=\"elementor-portfolio-item elementor-post  post-56 post type-post status-publish format-standard has-post-thumbnail hentry category-non-classe\">\n\t\t\t<a class=\"elementor-post__thumbnail__link\" href=\"https:\/\/bfervel.eleves.mediamatique.ch\/wordpress\/2023\/05\/06\/la-creme\/\">\n\t\t\t\t<div class=\"elementor-portfolio-item__img elementor-post__thumbnail\">\n\t\t\t<img loading=\"lazy\" decoding=\"async\" width=\"300\" height=\"212\" src=\"https:\/\/bfervel.eleves.mediamatique.ch\/wordpress\/wp-content\/uploads\/2023\/05\/Plan-de-travail-2-300x212.png\" class=\"attachment-medium size-medium wp-image-25\" alt=\"\" srcset=\"https:\/\/bfervel.eleves.mediamatique.ch\/wordpress\/wp-content\/uploads\/2023\/05\/Plan-de-travail-2-300x212.png 300w, https:\/\/bfervel.eleves.mediamatique.ch\/wordpress\/wp-content\/uploads\/2023\/05\/Plan-de-travail-2-768x544.png 768w, https:\/\/bfervel.eleves.mediamatique.ch\/wordpress\/wp-content\/uploads\/2023\/05\/Plan-de-travail-2.png 842w\" sizes=\"auto, (max-width: 300px) 100vw, 300px\" \/>\t\t<\/div>\n\t\t\t\t<div class=\"elementor-portfolio-item__overlay\">\n\t\t\t\t<h2 class=\"elementor-portfolio-item__title\">\n\t\tLa cr\u00e8me\t\t<\/h2>\n\t\t\t\t<\/div>\n\t\t\t\t<\/a>\n\t\t<\/article>\n\t\t\t\t<article class=\"elementor-portfolio-item elementor-post  post-45 post type-post status-publish format-standard has-post-thumbnail hentry category-non-classe\">\n\t\t\t<a class=\"elementor-post__thumbnail__link\" href=\"https:\/\/bfervel.eleves.mediamatique.ch\/wordpress\/2023\/05\/06\/perocom\/\">\n\t\t\t\t<div class=\"elementor-portfolio-item__img elementor-post__thumbnail\">\n\t\t\t<img loading=\"lazy\" decoding=\"async\" width=\"209\" height=\"300\" src=\"https:\/\/bfervel.eleves.mediamatique.ch\/wordpress\/wp-content\/uploads\/2023\/05\/LogoPeroCom-209x300.png\" class=\"attachment-medium size-medium wp-image-22\" alt=\"\" srcset=\"https:\/\/bfervel.eleves.mediamatique.ch\/wordpress\/wp-content\/uploads\/2023\/05\/LogoPeroCom-209x300.png 209w, https:\/\/bfervel.eleves.mediamatique.ch\/wordpress\/wp-content\/uploads\/2023\/05\/LogoPeroCom-715x1024.png 715w, https:\/\/bfervel.eleves.mediamatique.ch\/wordpress\/wp-content\/uploads\/2023\/05\/LogoPeroCom-768x1100.png 768w, https:\/\/bfervel.eleves.mediamatique.ch\/wordpress\/wp-content\/uploads\/2023\/05\/LogoPeroCom-1072x1536.png 1072w, https:\/\/bfervel.eleves.mediamatique.ch\/wordpress\/wp-content\/uploads\/2023\/05\/LogoPeroCom-1430x2048.png 1430w\" sizes=\"auto, (max-width: 209px) 100vw, 209px\" \/>\t\t<\/div>\n\t\t\t\t<div class=\"elementor-portfolio-item__overlay\">\n\t\t\t\t<h2 class=\"elementor-portfolio-item__title\">\n\t\tPeroCom\t\t<\/h2>\n\t\t\t\t<\/div>\n\t\t\t\t<\/a>\n\t\t<\/article>\n\t\t\t\t<\/div>\n\t\t\t\t<\/div>\n\t\t\t\t<\/div>\n\t\t\t\t<div class=\"elementor-element elementor-element-7e4a1b5 elementor-widget elementor-widget-spacer\" data-id=\"7e4a1b5\" data-element_type=\"widget\" data-widget_type=\"spacer.default\">\n\t\t\t\t<div class=\"elementor-widget-container\">\n\t\t\t\t\t<div class=\"elementor-spacer\">\n\t\t\t<div class=\"elementor-spacer-inner\"><\/div>\n\t\t<\/div>\n\t\t\t\t<\/div>\n\t\t\t\t<\/div>\n\t\t\t\t\t<\/div>\n\t\t<\/div>\n\t\t\t\t\t\t\t<\/div>\n\t\t<\/section>\n\t\t\t\t\t\t\t<\/div>\n\t\t","protected":false},"excerpt":{"rendered":"<p>Bastien Fervel M\u00e9diamaticien Je m\u2019appelle Bastien Fervel, je suis un \u00e9l\u00e8ve de 3\u00e8me ann\u00e9e en m\u00e9diatique au CPNV de Ste-Croix . Mes domaines de comp\u00e9tences principaux sont la vid\u00e9o, le marketing ainsi que le design. Ce portfolio pr\u00e9sente certains de mes meilleurs projets r\u00e9alis\u00e9s au cours de mes ann\u00e9es de formation. D\u00e9couvrez mes projets<\/p>\n","protected":false},"author":1,"featured_media":0,"parent":0,"menu_order":0,"comment_status":"closed","ping_status":"closed","template":"elementor_header_footer","meta":{"footnotes":""},"class_list":["post-10","page","type-page","status-publish","hentry"],"yoast_head":"<!-- This site is optimized with the Yoast SEO plugin v20.7 - https:\/\/yoast.com\/wordpress\/plugins\/seo\/ -->\n<title>Portfolio - Bastien Fervel - M\u00e9diamaticien<\/title>\n<meta name=\"description\" content=\"Jeune \u00e9tudiant Mediamaticien sp\u00e9cialis\u00e9 dans le design, vid\u00e9o et le marketing. Visitez mon site afin de d\u00e9couvrir mes projets divers et vari\u00e9s\" \/>\n<meta name=\"robots\" content=\"index, follow, max-snippet:-1, max-image-preview:large, max-video-preview:-1\" \/>\n<link rel=\"canonical\" href=\"https:\/\/bfervel.eleves.mediamatique.ch\/wordpress\/mediamaticien\/\" \/>\n<meta property=\"og:locale\" content=\"fr_FR\" \/>\n<meta property=\"og:type\" content=\"article\" \/>\n<meta property=\"og:title\" content=\"Portfolio - Bastien Fervel - M\u00e9diamaticien\" \/>\n<meta property=\"og:description\" content=\"Jeune \u00e9tudiant Mediamaticien sp\u00e9cialis\u00e9 dans le design, vid\u00e9o et le marketing. Visitez mon site afin de d\u00e9couvrir mes projets divers et vari\u00e9s\" \/>\n<meta property=\"og:url\" content=\"https:\/\/bfervel.eleves.mediamatique.ch\/wordpress\/mediamaticien\/\" \/>\n<meta property=\"og:site_name\" content=\"PorfolioBastien\" \/>\n<meta property=\"article:modified_time\" content=\"2023-05-12T09:36:31+00:00\" \/>\n<meta property=\"og:image\" content=\"https:\/\/bfervel.eleves.mediamatique.ch\/wordpress\/wp-content\/uploads\/2023\/05\/IMG_8574-768x1024.png\" \/>\n<meta name=\"twitter:card\" content=\"summary_large_image\" \/>\n<meta name=\"twitter:label1\" content=\"Dur\u00e9e de lecture estim\u00e9e\" \/>\n\t<meta name=\"twitter:data1\" content=\"1 minute\" \/>\n<script type=\"application\/ld+json\" class=\"yoast-schema-graph\">{\"@context\":\"https:\/\/schema.org\",\"@graph\":[{\"@type\":\"WebPage\",\"@id\":\"https:\/\/bfervel.eleves.mediamatique.ch\/wordpress\/mediamaticien\/\",\"url\":\"https:\/\/bfervel.eleves.mediamatique.ch\/wordpress\/mediamaticien\/\",\"name\":\"Portfolio - Bastien Fervel - M\u00e9diamaticien\",\"isPartOf\":{\"@id\":\"https:\/\/bfervel.eleves.mediamatique.ch\/wordpress\/#website\"},\"datePublished\":\"2023-05-03T13:05:29+00:00\",\"dateModified\":\"2023-05-12T09:36:31+00:00\",\"description\":\"Jeune \u00e9tudiant Mediamaticien sp\u00e9cialis\u00e9 dans le design, vid\u00e9o et le marketing. Visitez mon site afin de d\u00e9couvrir mes projets divers et vari\u00e9s\",\"breadcrumb\":{\"@id\":\"https:\/\/bfervel.eleves.mediamatique.ch\/wordpress\/mediamaticien\/#breadcrumb\"},\"inLanguage\":\"fr-FR\",\"potentialAction\":[{\"@type\":\"ReadAction\",\"target\":[\"https:\/\/bfervel.eleves.mediamatique.ch\/wordpress\/mediamaticien\/\"]}]},{\"@type\":\"BreadcrumbList\",\"@id\":\"https:\/\/bfervel.eleves.mediamatique.ch\/wordpress\/mediamaticien\/#breadcrumb\",\"itemListElement\":[{\"@type\":\"ListItem\",\"position\":1,\"name\":\"Accueil\",\"item\":\"https:\/\/bfervel.eleves.mediamatique.ch\/wordpress\/\"},{\"@type\":\"ListItem\",\"position\":2,\"name\":\"Accueil\"}]},{\"@type\":\"WebSite\",\"@id\":\"https:\/\/bfervel.eleves.mediamatique.ch\/wordpress\/#website\",\"url\":\"https:\/\/bfervel.eleves.mediamatique.ch\/wordpress\/\",\"name\":\"PorfolioBastien\",\"description\":\"Un site utilisant WordPress\",\"potentialAction\":[{\"@type\":\"SearchAction\",\"target\":{\"@type\":\"EntryPoint\",\"urlTemplate\":\"https:\/\/bfervel.eleves.mediamatique.ch\/wordpress\/?s={search_term_string}\"},\"query-input\":\"required name=search_term_string\"}],\"inLanguage\":\"fr-FR\"}]}<\/script>\n<!-- \/ Yoast SEO plugin. -->","yoast_head_json":{"title":"Portfolio - Bastien Fervel - M\u00e9diamaticien","description":"Jeune \u00e9tudiant Mediamaticien sp\u00e9cialis\u00e9 dans le design, vid\u00e9o et le marketing. Visitez mon site afin de d\u00e9couvrir mes projets divers et vari\u00e9s","robots":{"index":"index","follow":"follow","max-snippet":"max-snippet:-1","max-image-preview":"max-image-preview:large","max-video-preview":"max-video-preview:-1"},"canonical":"https:\/\/bfervel.eleves.mediamatique.ch\/wordpress\/mediamaticien\/","og_locale":"fr_FR","og_type":"article","og_title":"Portfolio - Bastien Fervel - M\u00e9diamaticien","og_description":"Jeune \u00e9tudiant Mediamaticien sp\u00e9cialis\u00e9 dans le design, vid\u00e9o et le marketing. Visitez mon site afin de d\u00e9couvrir mes projets divers et vari\u00e9s","og_url":"https:\/\/bfervel.eleves.mediamatique.ch\/wordpress\/mediamaticien\/","og_site_name":"PorfolioBastien","article_modified_time":"2023-05-12T09:36:31+00:00","og_image":[{"url":"https:\/\/bfervel.eleves.mediamatique.ch\/wordpress\/wp-content\/uploads\/2023\/05\/IMG_8574-768x1024.png"}],"twitter_card":"summary_large_image","twitter_misc":{"Dur\u00e9e de lecture estim\u00e9e":"1 minute"},"schema":{"@context":"https:\/\/schema.org","@graph":[{"@type":"WebPage","@id":"https:\/\/bfervel.eleves.mediamatique.ch\/wordpress\/mediamaticien\/","url":"https:\/\/bfervel.eleves.mediamatique.ch\/wordpress\/mediamaticien\/","name":"Portfolio - Bastien Fervel - M\u00e9diamaticien","isPartOf":{"@id":"https:\/\/bfervel.eleves.mediamatique.ch\/wordpress\/#website"},"datePublished":"2023-05-03T13:05:29+00:00","dateModified":"2023-05-12T09:36:31+00:00","description":"Jeune \u00e9tudiant Mediamaticien sp\u00e9cialis\u00e9 dans le design, vid\u00e9o et le marketing. Visitez mon site afin de d\u00e9couvrir mes projets divers et vari\u00e9s","breadcrumb":{"@id":"https:\/\/bfervel.eleves.mediamatique.ch\/wordpress\/mediamaticien\/#breadcrumb"},"inLanguage":"fr-FR","potentialAction":[{"@type":"ReadAction","target":["https:\/\/bfervel.eleves.mediamatique.ch\/wordpress\/mediamaticien\/"]}]},{"@type":"BreadcrumbList","@id":"https:\/\/bfervel.eleves.mediamatique.ch\/wordpress\/mediamaticien\/#breadcrumb","itemListElement":[{"@type":"ListItem","position":1,"name":"Accueil","item":"https:\/\/bfervel.eleves.mediamatique.ch\/wordpress\/"},{"@type":"ListItem","position":2,"name":"Accueil"}]},{"@type":"WebSite","@id":"https:\/\/bfervel.eleves.mediamatique.ch\/wordpress\/#website","url":"https:\/\/bfervel.eleves.mediamatique.ch\/wordpress\/","name":"PorfolioBastien","description":"Un site utilisant WordPress","potentialAction":[{"@type":"SearchAction","target":{"@type":"EntryPoint","urlTemplate":"https:\/\/bfervel.eleves.mediamatique.ch\/wordpress\/?s={search_term_string}"},"query-input":"required name=search_term_string"}],"inLanguage":"fr-FR"}]}},"_links":{"self":[{"href":"https:\/\/bfervel.eleves.mediamatique.ch\/wordpress\/wp-json\/wp\/v2\/pages\/10","targetHints":{"allow":["GET"]}}],"collection":[{"href":"https:\/\/bfervel.eleves.mediamatique.ch\/wordpress\/wp-json\/wp\/v2\/pages"}],"about":[{"href":"https:\/\/bfervel.eleves.mediamatique.ch\/wordpress\/wp-json\/wp\/v2\/types\/page"}],"author":[{"embeddable":true,"href":"https:\/\/bfervel.eleves.mediamatique.ch\/wordpress\/wp-json\/wp\/v2\/users\/1"}],"replies":[{"embeddable":true,"href":"https:\/\/bfervel.eleves.mediamatique.ch\/wordpress\/wp-json\/wp\/v2\/comments?post=10"}],"version-history":[{"count":30,"href":"https:\/\/bfervel.eleves.mediamatique.ch\/wordpress\/wp-json\/wp\/v2\/pages\/10\/revisions"}],"predecessor-version":[{"id":242,"href":"https:\/\/bfervel.eleves.mediamatique.ch\/wordpress\/wp-json\/wp\/v2\/pages\/10\/revisions\/242"}],"wp:attachment":[{"href":"https:\/\/bfervel.eleves.mediamatique.ch\/wordpress\/wp-json\/wp\/v2\/media?parent=10"}],"curies":[{"name":"wp","href":"https:\/\/api.w.org\/{rel}","templated":true}]}}